{"id":95,"date":"2026-02-13T10:06:27","date_gmt":"2026-02-13T10:06:27","guid":{"rendered":"http:\/\/nfswybb.cluster121.hosting.ovh.net\/?page_id=95"},"modified":"2026-02-18T13:04:07","modified_gmt":"2026-02-18T13:04:07","slug":"aides-financieres","status":"publish","type":"page","link":"https:\/\/www.ilecerasmus.eu\/index.php\/aides-financieres\/","title":{"rendered":"Aides financi\u00e8res"},"content":{"rendered":"\n<div class=\"wp-block-group alignfull has-global-padding is-layout-constrained wp-container-core-group-is-layout-d89aad35 wp-block-group-is-layout-constrained\" style=\"margin-top:0;margin-bottom:0;padding-top:var(--wp--preset--spacing--50);padding-right:var(--wp--preset--spacing--50);padding-bottom:var(--wp--preset--spacing--50);padding-left:var(--wp--preset--spacing--50)\">\n<div class=\"wp-block-group alignwide has-global-padding is-layout-constrained wp-container-core-group-is-layout-19e250f3 wp-block-group-is-layout-constrained\">\n<div class=\"wp-block-group is-vertical is-content-justification-center is-layout-flex wp-container-core-group-is-layout-6329a8f3 wp-block-group-is-layout-flex\">\n<h2 class=\"wp-block-heading has-text-align-center is-style-asterisk\"><strong>Bourse Erasmus+ <\/strong><\/h2>\n\n\n\n<p class=\"has-text-align-center\">Les \u00e9tudiants pourront b\u00e9n\u00e9ficier d\u2019une\u00a0<strong>bourse Erasmus+<\/strong>.<\/p>\n<\/div>\n\n\n\n<div style=\"height:var(--wp--preset--spacing--40)\" aria-hidden=\"true\" class=\"wp-block-spacer\"><\/div>\n\n\n\n<div class=\"wp-block-columns alignwide is-layout-flex wp-container-core-columns-is-layout-d1c656ed wp-block-columns-is-layout-flex\">\n<div class=\"wp-block-column is-vertically-aligned-center is-layout-flow wp-block-column-is-layout-flow\" style=\"flex-basis:40%\">\n<h3 class=\"wp-block-heading is-style-asterisk\"><\/h3>\n\n\n\n<p><\/p>\n\n\n\n<p><strong>70 % de la bourse sera vers\u00e9e avant le d\u00e9part<\/strong> <\/p>\n\n\n\n<p><strong>30 % sera vers\u00e9e au retour<\/strong>, sous r\u00e9serve :\u00a0<\/p>\n\n\n\n<ol style=\"line-height:1.75\" class=\"wp-block-list is-style-checkmark-list\">\n<li>De la r\u00e9alisation effective de la mobilit\u00e9 ,<\/li>\n\n\n\n<li>De la remise de l\u2019ensemble des documents obligatoires (attestation de pr\u00e9sence, rapport, EU Survey, etc.),<\/li>\n\n\n\n<li>En cas de non-respect des engagements, un <strong>remboursement partiel ou total <\/strong>peut \u00eatre exig\u00e9.<\/li>\n<\/ol>\n<\/div>\n\n\n\n<div class=\"wp-block-column is-layout-flow wp-block-column-is-layout-flow\" style=\"flex-basis:50%\">\n<figure class=\"wp-block-image size-large is-style-rounded is-style-rounded--1\"><img loading=\"lazy\" decoding=\"async\" width=\"1024\" height=\"543\" src=\"http:\/\/nfswybb.cluster121.hosting.ovh.net\/wp-content\/uploads\/2026\/02\/Image-13-02-2026-a-13.54-5-1024x543.jpeg\" alt=\"\" class=\"wp-image-133\" srcset=\"https:\/\/www.ilecerasmus.eu\/wp-content\/uploads\/2026\/02\/Image-13-02-2026-a-13.54-5-1024x543.jpeg 1024w, https:\/\/www.ilecerasmus.eu\/wp-content\/uploads\/2026\/02\/Image-13-02-2026-a-13.54-5-300x159.jpeg 300w, https:\/\/www.ilecerasmus.eu\/wp-content\/uploads\/2026\/02\/Image-13-02-2026-a-13.54-5-768x407.jpeg 768w, https:\/\/www.ilecerasmus.eu\/wp-content\/uploads\/2026\/02\/Image-13-02-2026-a-13.54-5-1536x814.jpeg 1536w, https:\/\/www.ilecerasmus.eu\/wp-content\/uploads\/2026\/02\/Image-13-02-2026-a-13.54-5.jpeg 1784w\" sizes=\"auto, (max-width: 1024px) 100vw, 1024px\" \/><\/figure>\n<\/div>\n<\/div>\n\n\n\n<div style=\"height:var(--wp--preset--spacing--40)\" aria-hidden=\"true\" class=\"wp-block-spacer\"><\/div>\n<\/div>\n<\/div>\n","protected":false},"excerpt":{"rendered":"<p>Bourse Erasmus+ Les \u00e9tudiants pourront b\u00e9n\u00e9ficier d\u2019une\u00a0bourse Erasmus+. 70 % de la bourse sera vers\u00e9e avant le d\u00e9part 30 % sera vers\u00e9e au retour, sous r\u00e9serve :\u00a0<\/p>\n","protected":false},"author":1,"featured_media":0,"parent":0,"menu_order":0,"comment_status":"closed","ping_status":"closed","template":"","meta":{"_themeisle_gutenberg_block_has_review":false,"footnotes":""},"class_list":["post-95","page","type-page","status-publish","hentry"],"_links":{"self":[{"href":"https:\/\/www.ilecerasmus.eu\/index.php\/wp-json\/wp\/v2\/pages\/95","targetHints":{"allow":["GET"]}}],"collection":[{"href":"https:\/\/www.ilecerasmus.eu\/index.php\/wp-json\/wp\/v2\/pages"}],"about":[{"href":"https:\/\/www.ilecerasmus.eu\/index.php\/wp-json\/wp\/v2\/types\/page"}],"author":[{"embeddable":true,"href":"https:\/\/www.ilecerasmus.eu\/index.php\/wp-json\/wp\/v2\/users\/1"}],"replies":[{"embeddable":true,"href":"https:\/\/www.ilecerasmus.eu\/index.php\/wp-json\/wp\/v2\/comments?post=95"}],"version-history":[{"count":9,"href":"https:\/\/www.ilecerasmus.eu\/index.php\/wp-json\/wp\/v2\/pages\/95\/revisions"}],"predecessor-version":[{"id":242,"href":"https:\/\/www.ilecerasmus.eu\/index.php\/wp-json\/wp\/v2\/pages\/95\/revisions\/242"}],"wp:attachment":[{"href":"https:\/\/www.ilecerasmus.eu\/index.php\/wp-json\/wp\/v2\/media?parent=95"}],"curies":[{"name":"wp","href":"https:\/\/api.w.org\/{rel}","templated":true}]}}