{"id":154,"date":"2026-02-13T14:48:33","date_gmt":"2026-02-13T14:48:33","guid":{"rendered":"http:\/\/nfswybb.cluster121.hosting.ovh.net\/?page_id=154"},"modified":"2026-02-18T13:00:04","modified_gmt":"2026-02-18T13:00:04","slug":"accueil","status":"publish","type":"page","link":"https:\/\/www.ilecerasmus.eu\/","title":{"rendered":"Accueil"},"content":{"rendered":"\n<div class=\"wp-block-group alignfull has-global-padding is-layout-constrained wp-container-core-group-is-layout-490fa1db wp-block-group-is-layout-constrained\" style=\"padding-top:var(--wp--preset--spacing--50);padding-right:var(--wp--preset--spacing--50);padding-bottom:var(--wp--preset--spacing--50);padding-left:var(--wp--preset--spacing--50)\">\n<div class=\"wp-block-group has-global-padding is-layout-constrained wp-container-core-group-is-layout-650790e1 wp-block-group-is-layout-constrained\">\n<h1 class=\"wp-block-heading has-text-align-center has-x-large-font-size\">Pars \u00e9tudier \u00e0 l\u2019\u00e9tranger avec Erasmus+<br><\/h1>\n\n\n\n<div style=\"height:1.25rem\" aria-hidden=\"true\" class=\"wp-block-spacer\"><\/div>\n\n\n\n<p class=\"has-text-align-center\">Gr\u00e2ce au programme Erasmus+ de&nbsp;Ilec, pars \u00e9tudier \u00e0 l\u2019\u00e9tranger et vis une aventure acad\u00e9mique et humaine inoubliable.<\/p>\n\n\n\n<div style=\"height:1.25rem\" aria-hidden=\"true\" class=\"wp-block-spacer\"><\/div>\n\n\n\n<div class=\"wp-block-buttons is-content-justification-center is-layout-flex wp-container-core-buttons-is-layout-a89b3969 wp-block-buttons-is-layout-flex\">\n<div class=\"wp-block-button\"><a class=\"wp-block-button__link wp-element-button\" href=\"http:\/\/nfswybb.cluster121.hosting.ovh.net\/index.php\/erasmus\/\">Je d\u00e9couvre Erasmus+<\/a><\/div>\n<\/div>\n<\/div>\n\n\n\n<div style=\"height:var(--wp--preset--spacing--30)\" aria-hidden=\"true\" class=\"wp-block-spacer\"><\/div>\n\n\n\n<figure class=\"wp-block-image alignwide size-full is-style-rounded is-style-rounded--1\"><img loading=\"lazy\" decoding=\"async\" width=\"2000\" height=\"1333\" src=\"http:\/\/nfswybb.cluster121.hosting.ovh.net\/wp-content\/uploads\/2026\/02\/1722-3.jpg\" alt=\"\" class=\"wp-image-159\" srcset=\"https:\/\/www.ilecerasmus.eu\/wp-content\/uploads\/2026\/02\/1722-3.jpg 2000w, https:\/\/www.ilecerasmus.eu\/wp-content\/uploads\/2026\/02\/1722-3-300x200.jpg 300w, https:\/\/www.ilecerasmus.eu\/wp-content\/uploads\/2026\/02\/1722-3-1024x682.jpg 1024w, https:\/\/www.ilecerasmus.eu\/wp-content\/uploads\/2026\/02\/1722-3-768x512.jpg 768w, https:\/\/www.ilecerasmus.eu\/wp-content\/uploads\/2026\/02\/1722-3-1536x1024.jpg 1536w\" sizes=\"auto, (max-width: 2000px) 100vw, 2000px\" \/><\/figure>\n<\/div>\n\n\n\n\n\n<div id=\"wp-block-themeisle-blocks-advanced-columns-55b78b58\" class=\"wp-block-themeisle-blocks-advanced-columns alignfull has-3-columns has-desktop-equal-layout has-tablet-equal-layout has-mobile-collapsedRows-layout has-vertical-center ticss-c00aadba\"><div class=\"wp-block-themeisle-blocks-advanced-columns-overlay\"><\/div><div class=\"innerblocks-wrap\">\n<div id=\"wp-block-themeisle-blocks-advanced-column-d16eef57\" class=\"wp-block-themeisle-blocks-advanced-column\">\n<figure class=\"wp-block-image aligncenter size-full\"><img loading=\"lazy\" decoding=\"async\" width=\"1000\" height=\"1500\" src=\"http:\/\/nfswybb.cluster121.hosting.ovh.net\/wp-content\/uploads\/2026\/02\/f854ea95d19b00b59388fc2356f87de7.jpg\" alt=\"\" class=\"wp-image-163\" style=\"aspect-ratio:2\/3;object-fit:cover\" srcset=\"https:\/\/www.ilecerasmus.eu\/wp-content\/uploads\/2026\/02\/f854ea95d19b00b59388fc2356f87de7.jpg 1000w, https:\/\/www.ilecerasmus.eu\/wp-content\/uploads\/2026\/02\/f854ea95d19b00b59388fc2356f87de7-200x300.jpg 200w, https:\/\/www.ilecerasmus.eu\/wp-content\/uploads\/2026\/02\/f854ea95d19b00b59388fc2356f87de7-683x1024.jpg 683w, https:\/\/www.ilecerasmus.eu\/wp-content\/uploads\/2026\/02\/f854ea95d19b00b59388fc2356f87de7-768x1152.jpg 768w\" sizes=\"auto, (max-width: 1000px) 100vw, 1000px\" \/><\/figure>\n\n\n\n<h3 id=\"wp-block-themeisle-blocks-advanced-heading-af4a6933\" class=\"wp-block-themeisle-blocks-advanced-heading wp-block-themeisle-blocks-advanced-heading-af4a6933\"><strong>\u00c9tudier \u00e0 l\u2019\u00e9tranger<\/strong><\/h3>\n\n\n\n<p class=\"has-text-align-center\">D\u00e9couvre un autre pays tout en construisant ton avenir professionnel.<\/p>\n<\/div>\n\n\n\n<div id=\"wp-block-themeisle-blocks-advanced-column-bd1b0b6b\" class=\"wp-block-themeisle-blocks-advanced-column\">\n<figure class=\"wp-block-image aligncenter size-full\"><img loading=\"lazy\" decoding=\"async\" width=\"1080\" height=\"1349\" src=\"http:\/\/nfswybb.cluster121.hosting.ovh.net\/wp-content\/uploads\/2026\/02\/f6ca45436c951ddda716655016eff6e9.jpg\" alt=\"\" class=\"wp-image-164\" style=\"aspect-ratio:2\/3;object-fit:cover\" srcset=\"https:\/\/www.ilecerasmus.eu\/wp-content\/uploads\/2026\/02\/f6ca45436c951ddda716655016eff6e9.jpg 1080w, https:\/\/www.ilecerasmus.eu\/wp-content\/uploads\/2026\/02\/f6ca45436c951ddda716655016eff6e9-240x300.jpg 240w, https:\/\/www.ilecerasmus.eu\/wp-content\/uploads\/2026\/02\/f6ca45436c951ddda716655016eff6e9-820x1024.jpg 820w, https:\/\/www.ilecerasmus.eu\/wp-content\/uploads\/2026\/02\/f6ca45436c951ddda716655016eff6e9-768x959.jpg 768w\" sizes=\"auto, (max-width: 1080px) 100vw, 1080px\" \/><\/figure>\n\n\n\n<h3 id=\"wp-block-themeisle-blocks-advanced-heading-112ba0b0\" class=\"wp-block-themeisle-blocks-advanced-heading wp-block-themeisle-blocks-advanced-heading-112ba0b0\"><strong>Une exp\u00e9rience humaine<\/strong><\/h3>\n\n\n\n<p class=\"has-text-align-center\">D\u00e9couvre de nouvelles cultures, gagne en autonomie et ouvre ton esprit.<\/p>\n<\/div>\n\n\n\n<div id=\"wp-block-themeisle-blocks-advanced-column-07b3d357\" class=\"wp-block-themeisle-blocks-advanced-column\">\n<figure class=\"wp-block-image aligncenter size-full\"><img loading=\"lazy\" decoding=\"async\" width=\"816\" height=\"1456\" src=\"http:\/\/nfswybb.cluster121.hosting.ovh.net\/wp-content\/uploads\/2026\/02\/57229316c31c925e6abc71343d9d3896.jpg\" alt=\"\" class=\"wp-image-165\" style=\"aspect-ratio:2\/3;object-fit:cover\" srcset=\"https:\/\/www.ilecerasmus.eu\/wp-content\/uploads\/2026\/02\/57229316c31c925e6abc71343d9d3896.jpg 816w, https:\/\/www.ilecerasmus.eu\/wp-content\/uploads\/2026\/02\/57229316c31c925e6abc71343d9d3896-168x300.jpg 168w, https:\/\/www.ilecerasmus.eu\/wp-content\/uploads\/2026\/02\/57229316c31c925e6abc71343d9d3896-574x1024.jpg 574w, https:\/\/www.ilecerasmus.eu\/wp-content\/uploads\/2026\/02\/57229316c31c925e6abc71343d9d3896-768x1370.jpg 768w\" sizes=\"auto, (max-width: 816px) 100vw, 816px\" \/><\/figure>\n\n\n\n<h3 id=\"wp-block-themeisle-blocks-advanced-heading-c1dd424b\" class=\"wp-block-themeisle-blocks-advanced-heading wp-block-themeisle-blocks-advanced-heading-c1dd424b\"><strong><strong>Fais la diff\u00e9rence<\/strong><\/strong><\/h3>\n\n\n\n<p class=\"has-text-align-center\">Ajoute une r\u00e9elle exp\u00e9rience internationale \u00e0 ton parcours.<\/p>\n<\/div>\n<\/div><\/div>\n\n\n\n<div class=\"wp-block-group alignfull has-global-padding is-layout-constrained wp-container-core-group-is-layout-d89aad35 wp-block-group-is-layout-constrained\" style=\"margin-top:0;margin-bottom:0;padding-top:var(--wp--preset--spacing--50);padding-right:var(--wp--preset--spacing--50);padding-bottom:var(--wp--preset--spacing--50);padding-left:var(--wp--preset--spacing--50)\">\n<h2 class=\"wp-block-heading has-text-align-center\">Nos destinations<\/h2>\n\n\n\n<div id=\"wp-block-themeisle-blocks-slider-c359ac79\" class=\"wp-block-themeisle-blocks-slider glide\" data-per-view=\"1\" data-gap=\"0\" data-peek=\"0\" data-autoplay=\"true\" data-height=\"400px\" data-hide-arrows=\"false\"><div class=\"glide__track\" data-glide-el=\"track\"><div class=\"glide__slides\"><div class=\"wp-block-themeisle-blocks-slider-item-wrapper glide__slide\" tabindex=\"0\"><figure><img decoding=\"async\" class=\"wp-block-themeisle-blocks-slider-item\" src=\"http:\/\/nfswybb.cluster121.hosting.ovh.net\/wp-content\/uploads\/2026\/02\/F09BF2B5-F6B1-400E-9B7F-BA5FEF6D9CC4.jpg\" alt=\"\" title=\"\" data-id=\"185\"\/><\/figure><\/div><div class=\"wp-block-themeisle-blocks-slider-item-wrapper glide__slide\" tabindex=\"0\"><figure><img decoding=\"async\" class=\"wp-block-themeisle-blocks-slider-item\" src=\"http:\/\/nfswybb.cluster121.hosting.ovh.net\/wp-content\/uploads\/2026\/02\/B79F51DC-70A4-4A05-AF3D-13B45AD6D7E8.jpg\" alt=\"\" title=\"\" data-id=\"184\"\/><\/figure><\/div><div class=\"wp-block-themeisle-blocks-slider-item-wrapper glide__slide\" tabindex=\"0\"><figure><img decoding=\"async\" class=\"wp-block-themeisle-blocks-slider-item\" src=\"http:\/\/nfswybb.cluster121.hosting.ovh.net\/wp-content\/uploads\/2026\/02\/DDAA2D35-DB97-4F2B-B028-2BD1114119B7-1.jpg\" alt=\"\" title=\"\" data-id=\"183\"\/><\/figure><\/div><div class=\"wp-block-themeisle-blocks-slider-item-wrapper glide__slide\" tabindex=\"0\"><figure><img decoding=\"async\" class=\"wp-block-themeisle-blocks-slider-item\" src=\"http:\/\/nfswybb.cluster121.hosting.ovh.net\/wp-content\/uploads\/2026\/02\/355C8163-D9C0-488C-AFC2-4F634B8D0346-1.jpg\" alt=\"\" title=\"\" data-id=\"181\"\/><\/figure><\/div><\/div><div class=\"glide__bullets\" data-glide-el=\"controls[nav]\"><button class=\"glide__bullet\" data-glide-dir=\"=0\"><\/button><button class=\"glide__bullet\" data-glide-dir=\"=1\"><\/button><button class=\"glide__bullet\" data-glide-dir=\"=2\"><\/button><button class=\"glide__bullet\" data-glide-dir=\"=3\"><\/button><\/div><\/div><\/div>\n<\/div>\n","protected":false},"excerpt":{"rendered":"<p>Pars \u00e9tudier \u00e0 l\u2019\u00e9tranger avec Erasmus+ Gr\u00e2ce au programme Erasmus+ de&nbsp;Ilec, pars \u00e9tudier \u00e0 l\u2019\u00e9tranger et vis une aventure acad\u00e9mique et humaine inoubliable. Nos destinations<\/p>\n","protected":false},"author":1,"featured_media":0,"parent":0,"menu_order":0,"comment_status":"closed","ping_status":"closed","template":"","meta":{"_themeisle_gutenberg_block_has_review":false,"footnotes":""},"class_list":["post-154","page","type-page","status-publish","hentry"],"_links":{"self":[{"href":"https:\/\/www.ilecerasmus.eu\/index.php\/wp-json\/wp\/v2\/pages\/154","targetHints":{"allow":["GET"]}}],"collection":[{"href":"https:\/\/www.ilecerasmus.eu\/index.php\/wp-json\/wp\/v2\/pages"}],"about":[{"href":"https:\/\/www.ilecerasmus.eu\/index.php\/wp-json\/wp\/v2\/types\/page"}],"author":[{"embeddable":true,"href":"https:\/\/www.ilecerasmus.eu\/index.php\/wp-json\/wp\/v2\/users\/1"}],"replies":[{"embeddable":true,"href":"https:\/\/www.ilecerasmus.eu\/index.php\/wp-json\/wp\/v2\/comments?post=154"}],"version-history":[{"count":14,"href":"https:\/\/www.ilecerasmus.eu\/index.php\/wp-json\/wp\/v2\/pages\/154\/revisions"}],"predecessor-version":[{"id":240,"href":"https:\/\/www.ilecerasmus.eu\/index.php\/wp-json\/wp\/v2\/pages\/154\/revisions\/240"}],"wp:attachment":[{"href":"https:\/\/www.ilecerasmus.eu\/index.php\/wp-json\/wp\/v2\/media?parent=154"}],"curies":[{"name":"wp","href":"https:\/\/api.w.org\/{rel}","templated":true}]}}